{"id":313,"date":"2015-06-12T09:14:00","date_gmt":"2015-06-12T07:14:00","guid":{"rendered":"http:\/\/www.zum-sepp.com\/it\/was-ist-ein-cookie\/"},"modified":"2019-02-26T11:33:09","modified_gmt":"2019-02-26T09:33:09","slug":"cookies","status":"publish","type":"page","link":"https:\/\/www.zum-sepp.com\/it\/cookies\/","title":{"rendered":"Che cosa \u00e8 un cookie?"},"content":{"rendered":"<h1>Che cosa \u00e8 un cookie?<\/h1>\n<p>Un cookie \u00e8 un file di testo che viene salvato durante l\u2019accesso di un sito Web sul proprio PC, tablet o smartphone. I cookie rendono possibile ricaricare il sito con le impostazioni preferite dell\u2019ultimo accesso (lingua, grandezza del carattere ed altro). I cookie del nostro sito non vengono utilizzati per raccogliere informazioni personali del visitatore e non rappresentano nessun rischio per la sua privacy.<\/p>\n<h2>Specifiche di vari tipi di cookie:<\/h2>\n<p><strong>Cookie tecnici [ non \u00e8 richiesto il consenso dell&#8217;utente ]<\/strong><\/p>\n<p>Tra i cosidetti cookie tecnici, segnaliamo i cookie essenziali che abilitano funzioni, senza le quali non sarebbe possibile navigare in internet. Questi cookie funzionano esclusivamente per la sessione in corso e sono quindi detti \u201ccookie di prima parte\u201d. Questi cookie scadono automaticamente quando l&#8217;utente chiude il browser. Rientrano, altres\u00ec, nell\u2019ambito dei cookie tecnici anche i cookie di analitica, utilizzati per analizzare statisticamente gli accessi al sito, hanno esclusivamente scopi statistici e raccolgono informazioni in modo anonimo senza possibilit\u00e0 di risalire all\u2019identificazione del singolo utente.<\/p>\n<p><strong>Cookie di profilazione [ \u00e8 richiesto il consenso dell&#8217;utente ]<\/strong><\/p>\n<p>I cookie di profilazione vengono utilizzati per raccogliere informazioni relative all&#8217;utente, al fine di inviare messaggi pubblicitari in linea con le preferenze manifestate dallo stesso nell&#8217;ambito della navigazione in rete.<\/p>\n<p><strong>Cookie di terze parti<\/strong><\/p>\n<p>Trattandosi di cookie di siti diversi da questo sito, utilizzati per finalit\u00e0 proprie di dette terze parti, le relative informazioni e modalit\u00e0 per prestare o negare il proprio consenso sono disponibili cliccando i link qui sotto.<\/p>\n<p><a href=\"http:\/\/www.google.com\/intl\/de\/policies\/technologies\/cookies\/\">Youtube<br \/>\n<\/a><a href=\"http:\/\/www.google.com\/intl\/de\/policies\/technologies\/cookies\/\">Google Analytics<br \/>\n<\/a><a href=\"http:\/\/www.google.com\/intl\/de\/policies\/technologies\/cookies\/\">Google Maps<br \/>\n<\/a><a href=\"http:\/\/www.google.com\/intl\/de\/policies\/technologies\/cookies\/\">Google Plus<br \/>\n<\/a><a href=\"https:\/\/www.facebook.com\/help\/cookies\/\">Facebook<br \/>\n<\/a><a href=\"http:\/\/www.cleverreach.com\/privacy\">Cleverreach<\/a><\/p>\n<p><strong>Controllo per l\u2019utilizzo dei Cookie<\/strong><\/p>\n<p>Quasi tutti browser offrono la possibilit\u00e0 di disattivare i Cookie. Dopo la disattivazione dei Cookie non si pu\u00f2 garantire il funzionamento corretto del sito web<\/p>\n<h2>Guida per la disattivazione dei Cookie nei diversi browser:<\/h2>\n<p><strong>Firefox:<\/strong><\/p>\n<p>Apri Firefox<br \/>\nPremi il pulsante \u201cAlt\u201d sulla tastiera<br \/>\nNella barra degli strumenti situata nella parte superiore del browser, seleziona \u201cStrumenti\u201d e successivamente \u201cOpzioni\u201d<br \/>\nSeleziona quindi la scheda \u201cPrivacy\u201d<br \/>\nVai su \u201cImpostazioni Cronologia:\u201d e successivamente su \u201cUtilizza impostazioni personalizzate\u201d . Deseleziona \u201cAccetta i cookie dai siti\u201d e salva le preferenze.<\/p>\n<p><strong>Internet Explorer:<\/strong><\/p>\n<p>Apri Internet Explorer<br \/>\nClicca sul pulsante \u201cStrumenti\u201d e quindi su \u201cOpzioni Internet\u201d<br \/>\nSeleziona la scheda \u201cPrivacy\u201d e sposta il dispositivo di scorrimento sul livello di privacy che desideri impostare (verso l\u2019alto per bloccare tutti i cookie o verso il basso per consentirli tutti)<br \/>\nQuindi clicca su OK<\/p>\n<p><strong>&nbsp;Google Chrome:<br \/>\n<\/strong>Apri Google Chrome<br \/>\nClicca sull&#8217;icona \u201cStrumenti\u201d<br \/>\nSeleziona \u201cImpostazioni\u201d e successivamente \u201cImpostazioni avanzate\u201d<br \/>\nSeleziona \u201cImpostazioni dei contenuti\u201d sotto la voce \u201cPrivacy\u201d<br \/>\nNella scheda \u201cCookies\u201d \u00e8 possibile deselezionare i cookie e salvare le preferenze<\/p>\n<p><strong>Safari:<\/strong><\/p>\n<p>Apri Safari<br \/>\nScegli \u201cPreferenze\u201d nella barra degli strumenti, quindi seleziona il pannello \u201cSicurezza\u201d nella finestra di dialogo che segue<br \/>\nNella sezione \u201cAccetta cookie\u201d \u00e8 possibile specificare se e quando Safari deve salvare i cookies dai siti web. Per ulteriori informazioni clicca sul pulsante di Aiuto ( contrassegnato da un punto interrogativo)<br \/>\n<strong>Per maggiori informazioni sui cookie che vengono memorizzati sul vostro computer, clicca su \u201cMostra cookie\u201d<\/strong><\/p>\n<p>Per maggiori informazioni sui Cookie visitate i seguenti link:<br \/>\n<a href=\"http:\/\/www.allaboutcookies.org\/\" target=\"_blank\">www.allaboutcookies.org<\/a> oppure <a href=\"http:\/\/www.youronlinechoices.eu\/\" target=\"_blank\">www.youronlinechoices.eu<\/a><\/p>\n","protected":false},"excerpt":{"rendered":"<p>Che cosa \u00e8 un cookie? Un cookie \u00e8 un file di testo che viene salvato durante l\u2019accesso di un sito Web sul proprio PC, tablet o [&hellip;]<\/p>\n","protected":false},"author":1,"featured_media":0,"parent":0,"menu_order":0,"comment_status":"open","ping_status":"closed","template":"","meta":{"_mi_skip_tracking":false},"yoast_head":"<!-- This site is optimized with the Yoast SEO plugin v17.6 - https:\/\/yoast.com\/wordpress\/plugins\/seo\/ -->\n<meta name=\"robots\" content=\"index, follow, max-snippet:-1, max-image-preview:large, max-video-preview:-1\" \/>\n<link rel=\"canonical\" href=\"https:\/\/www.zum-sepp.com\/it\/cookies\/\" \/>\n<meta property=\"og:locale\" content=\"it_IT\" \/>\n<meta property=\"og:type\" content=\"article\" \/>\n<meta property=\"og:title\" content=\"Che cosa \u00e8 un cookie? - Bed and breakfast zum Sepp\" \/>\n<meta property=\"og:description\" content=\"Che cosa \u00e8 un cookie? Un cookie \u00e8 un file di testo che viene salvato durante l\u2019accesso di un sito Web sul proprio PC, tablet o [&hellip;]\" \/>\n<meta property=\"og:url\" content=\"https:\/\/www.zum-sepp.com\/it\/cookies\/\" \/>\n<meta property=\"og:site_name\" content=\"Bed and breakfast zum Sepp\" \/>\n<meta property=\"article:modified_time\" content=\"2019-02-26T09:33:09+00:00\" \/>\n<meta name=\"twitter:label1\" content=\"Tempo di lettura stimato\" \/>\n\t<meta name=\"twitter:data1\" content=\"3 minuti\" \/>\n<script type=\"application\/ld+json\" class=\"yoast-schema-graph\">{\"@context\":\"https:\/\/schema.org\",\"@graph\":[{\"@type\":\"WebSite\",\"@id\":\"https:\/\/www.zum-sepp.com\/#website\",\"url\":\"https:\/\/www.zum-sepp.com\/\",\"name\":\"Bed and breakfast zum Sepp\",\"description\":\"Urlaub in Ratschings\",\"potentialAction\":[{\"@type\":\"SearchAction\",\"target\":{\"@type\":\"EntryPoint\",\"urlTemplate\":\"https:\/\/www.zum-sepp.com\/?s={search_term_string}\"},\"query-input\":\"required name=search_term_string\"}],\"inLanguage\":\"it-IT\"},{\"@type\":\"WebPage\",\"@id\":\"https:\/\/www.zum-sepp.com\/it\/cookies\/#webpage\",\"url\":\"https:\/\/www.zum-sepp.com\/it\/cookies\/\",\"name\":\"Che cosa \\u00e8 un cookie? - Bed and breakfast zum Sepp\",\"isPartOf\":{\"@id\":\"https:\/\/www.zum-sepp.com\/#website\"},\"datePublished\":\"2015-06-12T07:14:00+00:00\",\"dateModified\":\"2019-02-26T09:33:09+00:00\",\"breadcrumb\":{\"@id\":\"https:\/\/www.zum-sepp.com\/it\/cookies\/#breadcrumb\"},\"inLanguage\":\"it-IT\",\"potentialAction\":[{\"@type\":\"ReadAction\",\"target\":[\"https:\/\/www.zum-sepp.com\/it\/cookies\/\"]}]},{\"@type\":\"BreadcrumbList\",\"@id\":\"https:\/\/www.zum-sepp.com\/it\/cookies\/#breadcrumb\",\"itemListElement\":[{\"@type\":\"ListItem\",\"position\":1,\"name\":\"Startseite\",\"item\":\"https:\/\/www.zum-sepp.com\/it\/\"},{\"@type\":\"ListItem\",\"position\":2,\"name\":\"Che cosa \\u00e8 un cookie?\"}]}]}<\/script>\n<!-- \/ Yoast SEO plugin. -->","yoast_head_json":{"robots":{"index":"index","follow":"follow","max-snippet":"max-snippet:-1","max-image-preview":"max-image-preview:large","max-video-preview":"max-video-preview:-1"},"canonical":"https:\/\/www.zum-sepp.com\/it\/cookies\/","og_locale":"it_IT","og_type":"article","og_title":"Che cosa \u00e8 un cookie? - Bed and breakfast zum Sepp","og_description":"Che cosa \u00e8 un cookie? Un cookie \u00e8 un file di testo che viene salvato durante l\u2019accesso di un sito Web sul proprio PC, tablet o [&hellip;]","og_url":"https:\/\/www.zum-sepp.com\/it\/cookies\/","og_site_name":"Bed and breakfast zum Sepp","article_modified_time":"2019-02-26T09:33:09+00:00","twitter_misc":{"Tempo di lettura stimato":"3 minuti"},"schema":{"@context":"https:\/\/schema.org","@graph":[{"@type":"WebSite","@id":"https:\/\/www.zum-sepp.com\/#website","url":"https:\/\/www.zum-sepp.com\/","name":"Bed and breakfast zum Sepp","description":"Urlaub in Ratschings","potentialAction":[{"@type":"SearchAction","target":{"@type":"EntryPoint","urlTemplate":"https:\/\/www.zum-sepp.com\/?s={search_term_string}"},"query-input":"required name=search_term_string"}],"inLanguage":"it-IT"},{"@type":"WebPage","@id":"https:\/\/www.zum-sepp.com\/it\/cookies\/#webpage","url":"https:\/\/www.zum-sepp.com\/it\/cookies\/","name":"Che cosa \u00e8 un cookie? - Bed and breakfast zum Sepp","isPartOf":{"@id":"https:\/\/www.zum-sepp.com\/#website"},"datePublished":"2015-06-12T07:14:00+00:00","dateModified":"2019-02-26T09:33:09+00:00","breadcrumb":{"@id":"https:\/\/www.zum-sepp.com\/it\/cookies\/#breadcrumb"},"inLanguage":"it-IT","potentialAction":[{"@type":"ReadAction","target":["https:\/\/www.zum-sepp.com\/it\/cookies\/"]}]},{"@type":"BreadcrumbList","@id":"https:\/\/www.zum-sepp.com\/it\/cookies\/#breadcrumb","itemListElement":[{"@type":"ListItem","position":1,"name":"Startseite","item":"https:\/\/www.zum-sepp.com\/it\/"},{"@type":"ListItem","position":2,"name":"Che cosa \u00e8 un cookie?"}]}]}},"_links":{"self":[{"href":"https:\/\/www.zum-sepp.com\/it\/wp-json\/wp\/v2\/pages\/313"}],"collection":[{"href":"https:\/\/www.zum-sepp.com\/it\/wp-json\/wp\/v2\/pages"}],"about":[{"href":"https:\/\/www.zum-sepp.com\/it\/wp-json\/wp\/v2\/types\/page"}],"author":[{"embeddable":true,"href":"https:\/\/www.zum-sepp.com\/it\/wp-json\/wp\/v2\/users\/1"}],"replies":[{"embeddable":true,"href":"https:\/\/www.zum-sepp.com\/it\/wp-json\/wp\/v2\/comments?post=313"}],"version-history":[{"count":3,"href":"https:\/\/www.zum-sepp.com\/it\/wp-json\/wp\/v2\/pages\/313\/revisions"}],"predecessor-version":[{"id":347,"href":"https:\/\/www.zum-sepp.com\/it\/wp-json\/wp\/v2\/pages\/313\/revisions\/347"}],"wp:attachment":[{"href":"https:\/\/www.zum-sepp.com\/it\/wp-json\/wp\/v2\/media?parent=313"}],"curies":[{"name":"wp","href":"https:\/\/api.w.org\/{rel}","templated":true}]}}